{"id":494,"date":"2021-11-01T14:28:52","date_gmt":"2021-11-01T14:28:52","guid":{"rendered":"https:\/\/demo.athemes.com\/sydney-main\/?page_id=494"},"modified":"2024-01-08T17:23:31","modified_gmt":"2024-01-08T17:23:31","slug":"portfolio","status":"publish","type":"page","link":"https:\/\/albadergroups.com\/?page_id=494","title":{"rendered":"Portfolio"},"content":{"rendered":"\t\t<div data-elementor-type=\"wp-page\" data-elementor-id=\"494\" class=\"elementor elementor-494\">\n\t\t\t\t\t\t\t\t\t<section class=\"elementor-section elementor-top-section elementor-element elementor-element-a702ec2 elementor-section-content-middle elementor-section-boxed elementor-section-height-default elementor-section-height-default\" data-id=\"a702ec2\" data-element_type=\"section\">\n\t\t\t\t\t\t<div class=\"elementor-container elementor-column-gap-default\">\n\t\t\t\t\t<div class=\"elementor-column elementor-col-50 elementor-top-column elementor-element elementor-element-d7c1f2b\" data-id=\"d7c1f2b\" data-element_type=\"column\">\n\t\t\t<div class=\"elementor-widget-wrap elementor-element-populated\">\n\t\t\t\t\t\t\t\t<div class=\"elementor-element elementor-element-908bc1c elementor-widget elementor-widget-heading\" data-id=\"908bc1c\" data-element_type=\"widget\" data-widget_type=\"heading.default\">\n\t\t\t\t<div class=\"elementor-widget-container\">\n\t\t\t<style>\/*! elementor - v3.14.0 - 26-06-2023 *\/\n.elementor-heading-title{padding:0;margin:0;line-height:1}.elementor-widget-heading .elementor-heading-title[class*=elementor-size-]>a{color:inherit;font-size:inherit;line-height:inherit}.elementor-widget-heading .elementor-heading-title.elementor-size-small{font-size:15px}.elementor-widget-heading .elementor-heading-title.elementor-size-medium{font-size:19px}.elementor-widget-heading .elementor-heading-title.elementor-size-large{font-size:29px}.elementor-widget-heading .elementor-heading-title.elementor-size-xl{font-size:39px}.elementor-widget-heading .elementor-heading-title.elementor-size-xxl{font-size:59px}<\/style><h2 class=\"elementor-heading-title elementor-size-default\">Nos r\u00e9alisations<\/h2>\t\t<\/div>\n\t\t\t\t<\/div>\n\t\t\t\t\t<\/div>\n\t\t<\/div>\n\t\t\t\t<div class=\"elementor-column elementor-col-50 elementor-top-column elementor-element elementor-element-096b489\" data-id=\"096b489\" data-element_type=\"column\">\n\t\t\t<div class=\"elementor-widget-wrap\">\n\t\t\t\t\t\t\t\t\t<\/div>\n\t\t<\/div>\n\t\t\t\t\t\t\t<\/div>\n\t\t<\/section>\n\t\t\t\t<section class=\"elementor-section elementor-top-section elementor-element elementor-element-870a669 elementor-section-boxed elementor-section-height-default elementor-section-height-default\" data-id=\"870a669\" data-element_type=\"section\">\n\t\t\t\t\t\t<div class=\"elementor-container elementor-column-gap-default\">\n\t\t\t\t\t<div class=\"elementor-column elementor-col-33 elementor-top-column elementor-element elementor-element-d1e2344\" data-id=\"d1e2344\" data-element_type=\"column\">\n\t\t\t<div class=\"elementor-widget-wrap elementor-element-populated\">\n\t\t\t\t\t\t\t\t<div class=\"elementor-element elementor-element-2f2662f elementor-widget elementor-widget-image\" data-id=\"2f2662f\" data-element_type=\"widget\" data-widget_type=\"image.default\">\n\t\t\t\t<div class=\"elementor-widget-container\">\n\t\t\t<style>\/*! elementor - v3.14.0 - 26-06-2023 *\/\n.elementor-widget-image{text-align:center}.elementor-widget-image a{display:inline-block}.elementor-widget-image a img[src$=\".svg\"]{width:48px}.elementor-widget-image img{vertical-align:middle;display:inline-block}<\/style>\t\t\t\t\t\t\t\t\t\t\t\t<img loading=\"lazy\" decoding=\"async\" width=\"598\" height=\"598\" src=\"https:\/\/albadergroups.com\/wp-content\/uploads\/2024\/01\/000963269_896x598_c.jpg\" class=\"attachment-large size-large wp-image-866\" alt=\"\" srcset=\"https:\/\/albadergroups.com\/wp-content\/uploads\/2024\/01\/000963269_896x598_c.jpg 598w, https:\/\/albadergroups.com\/wp-content\/uploads\/2024\/01\/000963269_896x598_c-300x300.jpg 300w, https:\/\/albadergroups.com\/wp-content\/uploads\/2024\/01\/000963269_896x598_c-150x150.jpg 150w, https:\/\/albadergroups.com\/wp-content\/uploads\/2024\/01\/000963269_896x598_c-230x230.jpg 230w, https:\/\/albadergroups.com\/wp-content\/uploads\/2024\/01\/000963269_896x598_c-350x350.jpg 350w, https:\/\/albadergroups.com\/wp-content\/uploads\/2024\/01\/000963269_896x598_c-480x480.jpg 480w\" sizes=\"auto, (max-width: 598px) 100vw, 598px\" \/>\t\t\t\t\t\t\t\t\t\t\t\t\t\t\t<\/div>\n\t\t\t\t<\/div>\n\t\t\t\t<div class=\"elementor-element elementor-element-7fc8550 elementor-widget elementor-widget-heading\" data-id=\"7fc8550\" data-element_type=\"widget\" data-widget_type=\"heading.default\">\n\t\t\t\t<div class=\"elementor-widget-container\">\n\t\t\t<h5 class=\"elementor-heading-title elementor-size-default\">\u00c9levage<\/h5>\t\t<\/div>\n\t\t\t\t<\/div>\n\t\t\t\t<div class=\"elementor-element elementor-element-3f1e94d elementor-widget elementor-widget-text-editor\" data-id=\"3f1e94d\" data-element_type=\"widget\" data-widget_type=\"text-editor.default\">\n\t\t\t\t<div class=\"elementor-widget-container\">\n\t\t\t<style>\/*! elementor - v3.14.0 - 26-06-2023 *\/\n.elementor-widget-text-editor.elementor-drop-cap-view-stacked .elementor-drop-cap{background-color:#69727d;color:#fff}.elementor-widget-text-editor.elementor-drop-cap-view-framed .elementor-drop-cap{color:#69727d;border:3px solid;background-color:transparent}.elementor-widget-text-editor:not(.elementor-drop-cap-view-default) .elementor-drop-cap{margin-top:8px}.elementor-widget-text-editor:not(.elementor-drop-cap-view-default) .elementor-drop-cap-letter{width:1em;height:1em}.elementor-widget-text-editor .elementor-drop-cap{float:left;text-align:center;line-height:1;font-size:50px}.elementor-widget-text-editor .elementor-drop-cap-letter{display:inline-block}<\/style>\t\t\t\t<p>Al Bader Group a lanc\u00e9 un projet de production laiti\u00e8re au Burkina Faso, en partenariat avec la soci\u00e9t\u00e9 fran\u00e7aise Lactalis. Le projet vise \u00e0 d\u00e9velopper une fili\u00e8re laiti\u00e8re locale, en fournissant aux \u00e9leveurs des vaches de race Holstein, des aliments, des \u00e9quipements et des formations.\u00a0Le projet pr\u00e9voit \u00e9galement la construction d\u2019une usine de transformation du lait, qui produira du yaourt, du fromage et du beurre pour le march\u00e9 national et r\u00e9gional<\/p>\t\t\t\t\t\t<\/div>\n\t\t\t\t<\/div>\n\t\t\t\t\t<\/div>\n\t\t<\/div>\n\t\t\t\t<div class=\"elementor-column elementor-col-33 elementor-top-column elementor-element elementor-element-31842ae\" data-id=\"31842ae\" data-element_type=\"column\">\n\t\t\t<div class=\"elementor-widget-wrap elementor-element-populated\">\n\t\t\t\t\t\t\t\t<div class=\"elementor-element elementor-element-9f13632 elementor-widget elementor-widget-image\" data-id=\"9f13632\" data-element_type=\"widget\" data-widget_type=\"image.default\">\n\t\t\t\t<div class=\"elementor-widget-container\">\n\t\t\t\t\t\t\t\t\t\t\t\t\t\t\t<img loading=\"lazy\" decoding=\"async\" width=\"598\" height=\"598\" src=\"https:\/\/albadergroups.com\/wp-content\/uploads\/2024\/01\/000147929_896x598_c.jpg\" class=\"attachment-large size-large wp-image-865\" alt=\"\" srcset=\"https:\/\/albadergroups.com\/wp-content\/uploads\/2024\/01\/000147929_896x598_c.jpg 598w, https:\/\/albadergroups.com\/wp-content\/uploads\/2024\/01\/000147929_896x598_c-300x300.jpg 300w, https:\/\/albadergroups.com\/wp-content\/uploads\/2024\/01\/000147929_896x598_c-150x150.jpg 150w, https:\/\/albadergroups.com\/wp-content\/uploads\/2024\/01\/000147929_896x598_c-230x230.jpg 230w, https:\/\/albadergroups.com\/wp-content\/uploads\/2024\/01\/000147929_896x598_c-350x350.jpg 350w, https:\/\/albadergroups.com\/wp-content\/uploads\/2024\/01\/000147929_896x598_c-480x480.jpg 480w\" sizes=\"auto, (max-width: 598px) 100vw, 598px\" \/>\t\t\t\t\t\t\t\t\t\t\t\t\t\t\t<\/div>\n\t\t\t\t<\/div>\n\t\t\t\t<div class=\"elementor-element elementor-element-f7ad88b elementor-widget elementor-widget-heading\" data-id=\"f7ad88b\" data-element_type=\"widget\" data-widget_type=\"heading.default\">\n\t\t\t\t<div class=\"elementor-widget-container\">\n\t\t\t<h5 class=\"elementor-heading-title elementor-size-default\">Agrobusiness <\/h5>\t\t<\/div>\n\t\t\t\t<\/div>\n\t\t\t\t<div class=\"elementor-element elementor-element-4659de5 elementor-widget elementor-widget-text-editor\" data-id=\"4659de5\" data-element_type=\"widget\" data-widget_type=\"text-editor.default\">\n\t\t\t\t<div class=\"elementor-widget-container\">\n\t\t\t\t\t\t\t<p>Al Bader Group a investi dans un projet de culture de riz au Soudan, en collaboration avec le gouvernement soudanais et la Banque islamique de d\u00e9veloppement. Le projet porte sur une superficie de 10 000 hectares, irrigu\u00e9e par le Nil Bleu. Le projet vise \u00e0 augmenter la production et la qualit\u00e9 du riz soudanais, en utilisant des semences am\u00e9lior\u00e9es, des engrais, des pesticides et des machines agricoles.<\/p>\t\t\t\t\t\t<\/div>\n\t\t\t\t<\/div>\n\t\t\t\t\t<\/div>\n\t\t<\/div>\n\t\t\t\t<div class=\"elementor-column elementor-col-33 elementor-top-column elementor-element elementor-element-0ba4e37\" data-id=\"0ba4e37\" data-element_type=\"column\">\n\t\t\t<div class=\"elementor-widget-wrap elementor-element-populated\">\n\t\t\t\t\t\t\t\t<div class=\"elementor-element elementor-element-5e001e2 elementor-widget elementor-widget-image\" data-id=\"5e001e2\" data-element_type=\"widget\" data-widget_type=\"image.default\">\n\t\t\t\t<div class=\"elementor-widget-container\">\n\t\t\t\t\t\t\t\t\t\t\t\t\t\t\t<img loading=\"lazy\" decoding=\"async\" width=\"700\" height=\"700\" src=\"https:\/\/albadergroups.com\/wp-content\/uploads\/2024\/01\/NESSMA.jpg\" class=\"attachment-large size-large wp-image-868\" alt=\"\" srcset=\"https:\/\/albadergroups.com\/wp-content\/uploads\/2024\/01\/NESSMA.jpg 700w, https:\/\/albadergroups.com\/wp-content\/uploads\/2024\/01\/NESSMA-300x300.jpg 300w, https:\/\/albadergroups.com\/wp-content\/uploads\/2024\/01\/NESSMA-150x150.jpg 150w, https:\/\/albadergroups.com\/wp-content\/uploads\/2024\/01\/NESSMA-230x230.jpg 230w, https:\/\/albadergroups.com\/wp-content\/uploads\/2024\/01\/NESSMA-350x350.jpg 350w, https:\/\/albadergroups.com\/wp-content\/uploads\/2024\/01\/NESSMA-480x480.jpg 480w\" sizes=\"auto, (max-width: 700px) 100vw, 700px\" \/>\t\t\t\t\t\t\t\t\t\t\t\t\t\t\t<\/div>\n\t\t\t\t<\/div>\n\t\t\t\t<div class=\"elementor-element elementor-element-ebbd997 elementor-widget elementor-widget-heading\" data-id=\"ebbd997\" data-element_type=\"widget\" data-widget_type=\"heading.default\">\n\t\t\t\t<div class=\"elementor-widget-container\">\n\t\t\t<h5 class=\"elementor-heading-title elementor-size-default\">Communication<\/h5>\t\t<\/div>\n\t\t\t\t<\/div>\n\t\t\t\t<div class=\"elementor-element elementor-element-88864a7 elementor-widget elementor-widget-text-editor\" data-id=\"88864a7\" data-element_type=\"widget\" data-widget_type=\"text-editor.default\">\n\t\t\t\t<div class=\"elementor-widget-container\">\n\t\t\t\t\t\t\t<p>Al Bader Group a acquis une participation majoritaire dans la cha\u00eene de t\u00e9l\u00e9vision priv\u00e9e tunisienne Nessma TV, qui diffuse des programmes d\u2019information, de divertissement, de sport et de culture.\u00a0Le projet vise \u00e0 renforcer la position de Nessma TV sur le march\u00e9 audiovisuel tunisien et maghr\u00e9bin, en diversifiant son offre, en am\u00e9liorant sa qualit\u00e9 technique et \u00e9ditoriale, et en d\u00e9veloppant ses partenariats avec d\u2019autres m\u00e9dias.<\/p>\t\t\t\t\t\t<\/div>\n\t\t\t\t<\/div>\n\t\t\t\t\t<\/div>\n\t\t<\/div>\n\t\t\t\t\t\t\t<\/div>\n\t\t<\/section>\n\t\t\t\t<section class=\"elementor-section elementor-top-section elementor-element elementor-element-a6244f5 elementor-section-boxed elementor-section-height-default elementor-section-height-default\" data-id=\"a6244f5\" data-element_type=\"section\">\n\t\t\t\t\t\t<div class=\"elementor-container elementor-column-gap-default\">\n\t\t\t\t\t<div class=\"elementor-column elementor-col-33 elementor-top-column elementor-element elementor-element-028f080\" data-id=\"028f080\" data-element_type=\"column\">\n\t\t\t<div class=\"elementor-widget-wrap elementor-element-populated\">\n\t\t\t\t\t\t\t\t<div class=\"elementor-element elementor-element-358d2b2 elementor-widget elementor-widget-image\" data-id=\"358d2b2\" data-element_type=\"widget\" data-widget_type=\"image.default\">\n\t\t\t\t<div class=\"elementor-widget-container\">\n\t\t\t\t\t\t\t\t\t\t\t\t\t\t\t<img loading=\"lazy\" decoding=\"async\" width=\"750\" height=\"750\" src=\"https:\/\/albadergroups.com\/wp-content\/uploads\/2024\/01\/Tablet-Banner-1200x750-IMG-BADR-CR-Cracknell_1.jpg\" class=\"attachment-large size-large wp-image-869\" alt=\"\" srcset=\"https:\/\/albadergroups.com\/wp-content\/uploads\/2024\/01\/Tablet-Banner-1200x750-IMG-BADR-CR-Cracknell_1.jpg 750w, https:\/\/albadergroups.com\/wp-content\/uploads\/2024\/01\/Tablet-Banner-1200x750-IMG-BADR-CR-Cracknell_1-300x300.jpg 300w, https:\/\/albadergroups.com\/wp-content\/uploads\/2024\/01\/Tablet-Banner-1200x750-IMG-BADR-CR-Cracknell_1-150x150.jpg 150w, https:\/\/albadergroups.com\/wp-content\/uploads\/2024\/01\/Tablet-Banner-1200x750-IMG-BADR-CR-Cracknell_1-230x230.jpg 230w, https:\/\/albadergroups.com\/wp-content\/uploads\/2024\/01\/Tablet-Banner-1200x750-IMG-BADR-CR-Cracknell_1-350x350.jpg 350w, https:\/\/albadergroups.com\/wp-content\/uploads\/2024\/01\/Tablet-Banner-1200x750-IMG-BADR-CR-Cracknell_1-480x480.jpg 480w\" sizes=\"auto, (max-width: 750px) 100vw, 750px\" \/>\t\t\t\t\t\t\t\t\t\t\t\t\t\t\t<\/div>\n\t\t\t\t<\/div>\n\t\t\t\t<div class=\"elementor-element elementor-element-2de7663 elementor-widget elementor-widget-heading\" data-id=\"2de7663\" data-element_type=\"widget\" data-widget_type=\"heading.default\">\n\t\t\t\t<div class=\"elementor-widget-container\">\n\t\t\t<h5 class=\"elementor-heading-title elementor-size-default\">Immobilier<\/h5>\t\t<\/div>\n\t\t\t\t<\/div>\n\t\t\t\t<div class=\"elementor-element elementor-element-8f51c72 elementor-widget elementor-widget-text-editor\" data-id=\"8f51c72\" data-element_type=\"widget\" data-widget_type=\"text-editor.default\">\n\t\t\t\t<div class=\"elementor-widget-container\">\n\t\t\t\t\t\t\t<p>Al Bader Group a r\u00e9alis\u00e9 un projet de construction d\u2019un complexe r\u00e9sidentiel et commercial \u00e0 Casablanca, au Maroc, sous le nom de Badr Garden. Le projet comprend 300 appartements de haut standing, r\u00e9partis sur 10 immeubles, ainsi que des locaux commerciaux, des espaces verts, des aires de jeux, une piscine, un spa et une salle de sport. Le projet offre aux r\u00e9sidents un cadre de vie moderne, confortable et s\u00e9curis\u00e9, \u00e0 proximit\u00e9 du centre-ville et des axes routiers.<\/p>\t\t\t\t\t\t<\/div>\n\t\t\t\t<\/div>\n\t\t\t\t\t<\/div>\n\t\t<\/div>\n\t\t\t\t<div class=\"elementor-column elementor-col-33 elementor-top-column elementor-element elementor-element-cebb48d\" data-id=\"cebb48d\" data-element_type=\"column\">\n\t\t\t<div class=\"elementor-widget-wrap elementor-element-populated\">\n\t\t\t\t\t\t\t\t<div class=\"elementor-element elementor-element-18d674b elementor-widget elementor-widget-image\" data-id=\"18d674b\" data-element_type=\"widget\" data-widget_type=\"image.default\">\n\t\t\t\t<div class=\"elementor-widget-container\">\n\t\t\t\t\t\t\t\t\t\t\t\t\t\t\t<img loading=\"lazy\" decoding=\"async\" width=\"814\" height=\"814\" src=\"https:\/\/albadergroups.com\/wp-content\/uploads\/2024\/01\/668-201806301821505665.jpg\" class=\"attachment-large size-large wp-image-864\" alt=\"\" srcset=\"https:\/\/albadergroups.com\/wp-content\/uploads\/2024\/01\/668-201806301821505665.jpg 814w, https:\/\/albadergroups.com\/wp-content\/uploads\/2024\/01\/668-201806301821505665-300x300.jpg 300w, https:\/\/albadergroups.com\/wp-content\/uploads\/2024\/01\/668-201806301821505665-150x150.jpg 150w, https:\/\/albadergroups.com\/wp-content\/uploads\/2024\/01\/668-201806301821505665-768x768.jpg 768w, https:\/\/albadergroups.com\/wp-content\/uploads\/2024\/01\/668-201806301821505665-230x230.jpg 230w, https:\/\/albadergroups.com\/wp-content\/uploads\/2024\/01\/668-201806301821505665-350x350.jpg 350w, https:\/\/albadergroups.com\/wp-content\/uploads\/2024\/01\/668-201806301821505665-480x480.jpg 480w\" sizes=\"auto, (max-width: 814px) 100vw, 814px\" \/>\t\t\t\t\t\t\t\t\t\t\t\t\t\t\t<\/div>\n\t\t\t\t<\/div>\n\t\t\t\t<div class=\"elementor-element elementor-element-f3596c4 elementor-widget elementor-widget-heading\" data-id=\"f3596c4\" data-element_type=\"widget\" data-widget_type=\"heading.default\">\n\t\t\t\t<div class=\"elementor-widget-container\">\n\t\t\t<h5 class=\"elementor-heading-title elementor-size-default\">Chimie<\/h5>\t\t<\/div>\n\t\t\t\t<\/div>\n\t\t\t\t<div class=\"elementor-element elementor-element-898e20c elementor-widget elementor-widget-text-editor\" data-id=\"898e20c\" data-element_type=\"widget\" data-widget_type=\"text-editor.default\">\n\t\t\t\t<div class=\"elementor-widget-container\">\n\t\t\t\t\t\t\t<p>Al Bader Group a mis en place un projet de production de d\u00e9tergents et de produits d\u2019entretien au Kowe\u00eft, en partenariat avec la soci\u00e9t\u00e9 allemande Henkel. Le projet consiste \u00e0 installer une unit\u00e9 de fabrication de poudres \u00e0 laver, de liquides vaisselle, de nettoyants m\u00e9nagers, de savons et de shampoings, qui approvisionnera le march\u00e9 kowe\u00eftien et les pays voisins. Le projet vise \u00e0 r\u00e9pondre \u00e0 la demande croissante des consommateurs pour des produits de qualit\u00e9.<\/p>\t\t\t\t\t\t<\/div>\n\t\t\t\t<\/div>\n\t\t\t\t\t<\/div>\n\t\t<\/div>\n\t\t\t\t<div class=\"elementor-column elementor-col-33 elementor-top-column elementor-element elementor-element-088cf2e\" data-id=\"088cf2e\" data-element_type=\"column\">\n\t\t\t<div class=\"elementor-widget-wrap elementor-element-populated\">\n\t\t\t\t\t\t\t\t<div class=\"elementor-element elementor-element-f39b991 elementor-widget elementor-widget-image\" data-id=\"f39b991\" data-element_type=\"widget\" data-widget_type=\"image.default\">\n\t\t\t\t<div class=\"elementor-widget-container\">\n\t\t\t\t\t\t\t\t\t\t\t\t\t\t\t<img loading=\"lazy\" decoding=\"async\" width=\"1024\" height=\"1024\" src=\"https:\/\/albadergroups.com\/wp-content\/uploads\/2024\/01\/Essakane-1024x1024.jpg\" class=\"attachment-large size-large wp-image-867\" alt=\"\" srcset=\"https:\/\/albadergroups.com\/wp-content\/uploads\/2024\/01\/Essakane-1024x1024.jpg 1024w, https:\/\/albadergroups.com\/wp-content\/uploads\/2024\/01\/Essakane-300x300.jpg 300w, https:\/\/albadergroups.com\/wp-content\/uploads\/2024\/01\/Essakane-150x150.jpg 150w, https:\/\/albadergroups.com\/wp-content\/uploads\/2024\/01\/Essakane-768x768.jpg 768w, https:\/\/albadergroups.com\/wp-content\/uploads\/2024\/01\/Essakane-1000x1000.jpg 1000w, https:\/\/albadergroups.com\/wp-content\/uploads\/2024\/01\/Essakane-230x230.jpg 230w, https:\/\/albadergroups.com\/wp-content\/uploads\/2024\/01\/Essakane-350x350.jpg 350w, https:\/\/albadergroups.com\/wp-content\/uploads\/2024\/01\/Essakane-480x480.jpg 480w, https:\/\/albadergroups.com\/wp-content\/uploads\/2024\/01\/Essakane.jpg 1060w\" sizes=\"auto, (max-width: 1024px) 100vw, 1024px\" \/>\t\t\t\t\t\t\t\t\t\t\t\t\t\t\t<\/div>\n\t\t\t\t<\/div>\n\t\t\t\t<div class=\"elementor-element elementor-element-0d7b893 elementor-widget elementor-widget-heading\" data-id=\"0d7b893\" data-element_type=\"widget\" data-widget_type=\"heading.default\">\n\t\t\t\t<div class=\"elementor-widget-container\">\n\t\t\t<h5 class=\"elementor-heading-title elementor-size-default\">Mines<\/h5>\t\t<\/div>\n\t\t\t\t<\/div>\n\t\t\t\t<div class=\"elementor-element elementor-element-21a9d1b elementor-widget elementor-widget-text-editor\" data-id=\"21a9d1b\" data-element_type=\"widget\" data-widget_type=\"text-editor.default\">\n\t\t\t\t<div class=\"elementor-widget-container\">\n\t\t\t\t\t\t\t<p>Al Bader Group a d\u00e9velopp\u00e9 un projet d\u2019exploitation mini\u00e8re au Burkina Faso, en association avec la soci\u00e9t\u00e9 canadienne IAMGOLD. Le projet porte sur l\u2019extraction et le traitement de l\u2019or, \u00e0 partir d\u2019une mine \u00e0 ciel ouvert situ\u00e9e dans la r\u00e9gion du Centre-Nord. Le projet g\u00e9n\u00e8re des revenus pour le groupe, des emplois pour la population locale, et des recettes fiscales pour l\u2019\u00c9tat. Le projet respecte les normes internationales en mati\u00e8re de s\u00e9curit\u00e9, et d\u2019environnement.<\/p>\t\t\t\t\t\t<\/div>\n\t\t\t\t<\/div>\n\t\t\t\t\t<\/div>\n\t\t<\/div>\n\t\t\t\t\t\t\t<\/div>\n\t\t<\/section>\n\t\t\t\t\t\t\t<\/div>\n\t\t","protected":false},"excerpt":{"rendered":"<p>Nos r\u00e9alisations \u00c9levage Al Bader Group a lanc\u00e9 un projet de production laiti\u00e8re au Burkina Faso, en partenariat avec la soci\u00e9t\u00e9 fran\u00e7aise [&hellip;]<\/p>\n","protected":false},"author":1,"featured_media":0,"parent":0,"menu_order":0,"comment_status":"closed","ping_status":"closed","template":"page-templates\/page_front-page.php","meta":{"footnotes":""},"class_list":["post-494","page","type-page","status-publish","hentry"],"_links":{"self":[{"href":"https:\/\/albadergroups.com\/index.php?rest_route=\/wp\/v2\/pages\/494","targetHints":{"allow":["GET"]}}],"collection":[{"href":"https:\/\/albadergroups.com\/index.php?rest_route=\/wp\/v2\/pages"}],"about":[{"href":"https:\/\/albadergroups.com\/index.php?rest_route=\/wp\/v2\/types\/page"}],"author":[{"embeddable":true,"href":"https:\/\/albadergroups.com\/index.php?rest_route=\/wp\/v2\/users\/1"}],"replies":[{"embeddable":true,"href":"https:\/\/albadergroups.com\/index.php?rest_route=%2Fwp%2Fv2%2Fcomments&post=494"}],"version-history":[{"count":6,"href":"https:\/\/albadergroups.com\/index.php?rest_route=\/wp\/v2\/pages\/494\/revisions"}],"predecessor-version":[{"id":982,"href":"https:\/\/albadergroups.com\/index.php?rest_route=\/wp\/v2\/pages\/494\/revisions\/982"}],"wp:attachment":[{"href":"https:\/\/albadergroups.com\/index.php?rest_route=%2Fwp%2Fv2%2Fmedia&parent=494"}],"curies":[{"name":"wp","href":"https:\/\/api.w.org\/{rel}","templated":true}]}}